{"id":633,"date":"2011-05-05T22:12:09","date_gmt":"2011-05-06T03:12:09","guid":{"rendered":"http:\/\/blog.asuntoshumanos.org\/?page_id=633"},"modified":"2011-05-09T00:51:44","modified_gmt":"2011-05-09T05:51:44","slug":"descargas","status":"publish","type":"page","link":"https:\/\/blog.asuntoshumanos.org\/?page_id=633","title":{"rendered":"Descargas"},"content":{"rendered":"<h2><span style=\"text-decoration: underline;\">Relaci\u00f3n de archivos para descarga<\/span><\/h2>\n<ol>\n<li> <span style=\"text-decoration: underline;\"><strong><em>\u00bfExiste una soluci\u00f3n para los asuntos humanos?<br \/>\n<\/em><\/strong><\/span><strong><em>(Versi\u00f3n 1.1 &#8211; Mayo 2011)<\/em><\/strong><\/li>\n<\/ol>\n<blockquote><p>Este documento fue originalmente dise\u00f1ado bajo el formato de presentaci\u00f3n de diapositivas, y publicado como PDF. Se puede acceder al documento en un s\u00f3lo archivo que contiene todo el trabajo o en 5 archivos diferentes que corresponden a las 5 partes en que se encuentra dividido.<\/p>\n<p>Haciendo clic en la opci\u00f3n <strong>VER<\/strong>, los archivos se visualizar\u00e1n mediante los recursos de Google Docs, como im\u00e1genes, pero contando con herramientas de navegaci\u00f3n. Y haciendo clic en la opci\u00f3n <strong>DESCARGAR<\/strong>, los archivos podr\u00e1n visualizarse en el PC de destino en su formato orginal en PDF.<\/p><\/blockquote>\n<table border=\"1\" cellspacing=\"2\" cellpadding=\"3\" width=\"80%\" align=\"center\">\n<tbody>\n<tr>\n<td height=\"37\" align=\"center\" bgcolor=\"#FFAD33\" bordercolor=\"1\"><span style=\"color: #000000;\"><strong>ARCHIVO<\/strong><\/span><\/td>\n<td align=\"center\" bgcolor=\"#FFAD33\" bordercolor=\"1\"><span style=\"color: #000000;\"><strong>VISTA<\/strong><\/span><\/td>\n<td align=\"center\" bgcolor=\"#FFAD33\" bordercolor=\"1\"><span style=\"color: #000000;\"><strong>DESCARGA<\/strong><\/span><\/td>\n<\/tr>\n<tr>\n<td align=\"left\" bgcolor=\"#FFDB88\" bordercolor=\"1\">\n<ul>\n<li><span style=\"color: #000000;\">Documento completo (12.491 kb) (129 slides)<\/span><\/li>\n<\/ul>\n<\/td>\n<td align=\"center\" bgcolor=\"#FFDB88\" bordercolor=\"1\"><a href=\"http:\/\/docs.google.com\/viewer?a=v&amp;pid=sites&amp;srcid=ZGVmYXVsdGRvbWFpbnxhc3VudG9zaHVtYW5vc3xneDo1NDFiOWI0YzBkMzVhMDJm\" target=\"_blank\">Ver<\/a><\/td>\n<td align=\"center\" bgcolor=\"#FFDB88\" bordercolor=\"1\"><a href=\"http:\/\/sites.google.com\/site\/asuntoshumanos\/archivos\/La_solucion_de_los_asuntos_humanos.pdf?attredirects=0&amp;d=1\" target=\"_blank\">Descargar<\/a><\/td>\n<\/tr>\n<tr>\n<td align=\"left\" bgcolor=\"#FFEDC1\" bordercolor=\"1\">\n<ul>\n<li><span style=\"color: #000000;\">Primera Parte (1.847 Kb) (17 slides)<\/span><\/li>\n<\/ul>\n<\/td>\n<td align=\"center\" bgcolor=\"#FFEDC1\" bordercolor=\"1\"><a href=\"http:\/\/docs.google.com\/viewer?a=v&amp;pid=sites&amp;srcid=ZGVmYXVsdGRvbWFpbnxhc3VudG9zaHVtYW5vc3xneDo2ZmQ5NDE0MWYwNGIzNmVh\" target=\"_blank\">Ver<\/a><\/td>\n<td align=\"center\" bgcolor=\"#FFEDC1\" bordercolor=\"1\"><a href=\"http:\/\/sites.google.com\/site\/asuntoshumanos\/archivos\/La_solucion_de_los_asuntos_humanos_1.pdf?attredirects=0&amp;d=1\" target=\"_blank\">Descargar<\/a><\/td>\n<\/tr>\n<tr>\n<td align=\"left\" bgcolor=\"#FFDB88\" bordercolor=\"1\">\n<ul>\n<li><span style=\"color: #000000;\">Segunda Parte (4.950 Kb) (47 slides)<\/span><\/li>\n<\/ul>\n<\/td>\n<td align=\"center\" bgcolor=\"#FFDB88\" bordercolor=\"1\"><a href=\"http:\/\/docs.google.com\/viewer?a=v&amp;pid=sites&amp;srcid=ZGVmYXVsdGRvbWFpbnxhc3VudG9zaHVtYW5vc3xneDoxMTM0ZjdlZjc4ODk2Mjc1\" target=\"_blank\">Ver<\/a><\/td>\n<td align=\"center\" bgcolor=\"#FFDB88\" bordercolor=\"1\"><a href=\"http:\/\/sites.google.com\/site\/asuntoshumanos\/archivos\/La_solucion_de_los_asuntos_humanos_2.pdf?attredirects=0&amp;d=1\" target=\"_blank\">Descargar<\/a><\/td>\n<\/tr>\n<tr>\n<td align=\"left\" bgcolor=\"#FFEDC1\" bordercolor=\"1\">\n<ul>\n<li><span style=\"color: #000000;\">Tercera Parte (5.206 Kb) (45 slides)<\/span><\/li>\n<\/ul>\n<\/td>\n<td align=\"center\" bgcolor=\"#FFEDC1\" bordercolor=\"1\"><a href=\"http:\/\/docs.google.com\/viewer?a=v&amp;pid=sites&amp;srcid=ZGVmYXVsdGRvbWFpbnxhc3VudG9zaHVtYW5vc3xneDo0NDNiNjFhZTBhOWQwNDc3\" target=\"_blank\">Ver<\/a><\/td>\n<td align=\"center\" bgcolor=\"#FFEDC1\" bordercolor=\"1\"><a href=\"http:\/\/sites.google.com\/site\/asuntoshumanos\/archivos\/La_solucion_de_los_asuntos_humanos_3.pdf?attredirects=0&amp;d=1\" target=\"_blank\">Descargar<\/a><\/td>\n<\/tr>\n<tr>\n<td align=\"left\" bgcolor=\"#FFDB88\" bordercolor=\"1\">\n<ul>\n<li><span style=\"color: #000000;\">Cuarta Parte (2.397 Kb) (19 slides)<\/span><\/li>\n<\/ul>\n<\/td>\n<td align=\"center\" bgcolor=\"#FFDB88\" bordercolor=\"1\"><a href=\"http:\/\/docs.google.com\/viewer?a=v&amp;pid=sites&amp;srcid=ZGVmYXVsdGRvbWFpbnxhc3VudG9zaHVtYW5vc3xneDoyMjhhNmM0OTdkODFhYzUz\" target=\"_blank\">Ver<\/a><\/td>\n<td align=\"center\" bgcolor=\"#FFDB88\" bordercolor=\"1\"><a href=\"http:\/\/sites.google.com\/site\/asuntoshumanos\/archivos\/La_solucion_de_los_asuntos_humanos_4.pdf?attredirects=0&amp;d=1\" target=\"_blank\">Descargar<\/a><\/td>\n<\/tr>\n<tr>\n<td align=\"left\" bgcolor=\"#FFEDC1\" bordercolor=\"1\">\n<ul>\n<li><span style=\"color: #000000;\">Quinta Parte (760 Kb) (10 slides)<\/span><\/li>\n<\/ul>\n<\/td>\n<td align=\"center\" bgcolor=\"#FFEDC1\" bordercolor=\"1\"><a href=\"http:\/\/docs.google.com\/viewer?a=v&amp;pid=sites&amp;srcid=ZGVmYXVsdGRvbWFpbnxhc3VudG9zaHVtYW5vc3xneDo1ZTEzNGVjNTY0OWFkYzkx\" target=\"_blank\">Ver<\/a><\/td>\n<td align=\"center\" bgcolor=\"#FFEDC1\" bordercolor=\"1\"><a href=\"http:\/\/sites.google.com\/site\/asuntoshumanos\/archivos\/La_solucion_de_los_asuntos_humanos_5.pdf?attredirects=0&amp;d=1\" target=\"_blank\">Descargar<\/a><\/td>\n<\/tr>\n<\/tbody>\n<\/table>\n","protected":false},"excerpt":{"rendered":"<p>Relaci\u00f3n de archivos para descarga \u00bfExiste una soluci\u00f3n para los asuntos humanos? (Versi\u00f3n 1.1 &#8211; Mayo 2011) Este documento fue originalmente dise\u00f1ado bajo el formato de presentaci\u00f3n de diapositivas, y publicado como PDF. Se puede acceder al documento en un s\u00f3lo archivo que contiene todo el trabajo o en 5 archivos diferentes que corresponden a [&hellip;]<\/p>\n","protected":false},"author":1,"featured_media":0,"parent":0,"menu_order":0,"comment_status":"open","ping_status":"open","template":"","meta":{"footnotes":""},"_links":{"self":[{"href":"https:\/\/blog.asuntoshumanos.org\/index.php?rest_route=\/wp\/v2\/pages\/633"}],"collection":[{"href":"https:\/\/blog.asuntoshumanos.org\/index.php?rest_route=\/wp\/v2\/pages"}],"about":[{"href":"https:\/\/blog.asuntoshumanos.org\/index.php?rest_route=\/wp\/v2\/types\/page"}],"author":[{"embeddable":true,"href":"https:\/\/blog.asuntoshumanos.org\/index.php?rest_route=\/wp\/v2\/users\/1"}],"replies":[{"embeddable":true,"href":"https:\/\/blog.asuntoshumanos.org\/index.php?rest_route=%2Fwp%2Fv2%2Fcomments&post=633"}],"version-history":[{"count":16,"href":"https:\/\/blog.asuntoshumanos.org\/index.php?rest_route=\/wp\/v2\/pages\/633\/revisions"}],"predecessor-version":[{"id":635,"href":"https:\/\/blog.asuntoshumanos.org\/index.php?rest_route=\/wp\/v2\/pages\/633\/revisions\/635"}],"wp:attachment":[{"href":"https:\/\/blog.asuntoshumanos.org\/index.php?rest_route=%2Fwp%2Fv2%2Fmedia&parent=633"}],"curies":[{"name":"wp","href":"https:\/\/api.w.org\/{rel}","templated":true}]}}